{"id":828,"date":"2025-03-23T22:22:16","date_gmt":"2025-03-23T22:22:16","guid":{"rendered":"http:\/\/www.vantageproperty.pl\/index.php\/contact-us-2\/"},"modified":"2025-06-04T20:12:30","modified_gmt":"2025-06-04T20:12:30","slug":"kontakt","status":"publish","type":"page","link":"https:\/\/www.vantageproperty.pl\/index.php\/kontakt\/","title":{"rendered":"Kontakt"},"content":{"rendered":"\t\t<div data-elementor-type=\"wp-page\" data-elementor-id=\"828\" class=\"elementor elementor-828\" data-elementor-post-type=\"page\">\n\t\t\t\t<div class=\"elementor-element elementor-element-50cd27e8 e-flex e-con-boxed e-con e-parent\" data-id=\"50cd27e8\" data-element_type=\"container\" data-e-type=\"container\" data-settings=\"{&quot;background_background&quot;:&quot;classic&quot;}\">\n\t\t\t\t\t<div class=\"e-con-inner\">\n\t\t<div class=\"elementor-element elementor-element-afe5d33 e-con-full e-flex e-con e-child\" data-id=\"afe5d33\" data-element_type=\"container\" data-e-type=\"container\">\n\t\t\t\t<div class=\"elementor-element elementor-element-47577666 elementor-widget elementor-widget-heading\" data-id=\"47577666\" data-element_type=\"widget\" data-e-type=\"widget\" data-widget_type=\"heading.default\">\n\t\t\t\t<div class=\"elementor-widget-container\">\n\t\t\t\t\t<h3 class=\"elementor-heading-title elementor-size-default\">W czym mo\u017cemy Ci dzisiaj pom\u00f3c?<\/h3>\t\t\t\t<\/div>\n\t\t\t\t<\/div>\n\t\t\t\t<div class=\"elementor-element elementor-element-cb16d7b elementor-widget elementor-widget-heading\" data-id=\"cb16d7b\" data-element_type=\"widget\" data-e-type=\"widget\" data-widget_type=\"heading.default\">\n\t\t\t\t<div class=\"elementor-widget-container\">\n\t\t\t\t\t<h1 class=\"elementor-heading-title elementor-size-default\">Skontaktuj si\u0119 z nami, aby dowiedzie\u0107 si\u0119 wi\u0119cej\n<\/h1>\t\t\t\t<\/div>\n\t\t\t\t<\/div>\n\t\t\t\t<\/div>\n\t\t<div class=\"elementor-element elementor-element-7eb91ff1 e-con-full e-flex e-con e-child\" data-id=\"7eb91ff1\" data-element_type=\"container\" data-e-type=\"container\">\n\t\t\t\t<div class=\"elementor-element elementor-element-77cdb014 elementor-widget elementor-widget-text-editor\" data-id=\"77cdb014\" data-element_type=\"widget\" data-e-type=\"widget\" data-widget_type=\"text-editor.default\">\n\t\t\t\t<div class=\"elementor-widget-container\">\n\t\t\t\t\t\t\t\t\t<p class=\"\" data-start=\"30\" data-end=\"262\">Masz pytania dotycz\u0105ce nieruchomo\u015bci? Ch\u0119tnie pomo\u017cemy w:<\/p><p class=\"\" data-start=\"30\" data-end=\"262\">\u2714 <strong>Sprzeda\u017cy<\/strong> \u2013 Pomo\u017cemy Ci sprzeda\u0107 Twoj\u0105 nieruchomo\u015b\u0107.<br data-start=\"87\" data-end=\"90\" \/>\u2714 <strong data-start=\"92\" data-end=\"103\" data-is-only-node=\"\">Zakupie<\/strong> \u2013 znajdziemy dla Ciebie idealn\u0105 nieruchomo\u015b\u0107.<br data-start=\"149\" data-end=\"152\" \/>\u2714 <strong data-start=\"154\" data-end=\"166\">Wynajmie<\/strong> \u2013 dopasujemy ofert\u0119 do Twoich potrzeb.<br data-start=\"205\" data-end=\"208\" \/>\u2714 <strong data-start=\"210\" data-end=\"224\">Doradztwie<\/strong> \u2013 podpowiemy najlepsze rozwi\u0105zania.<\/p><p class=\"\" data-start=\"264\" data-end=\"315\">Napisz lub zadzwo\u0144 \u2013 jeste\u015bmy do Twojej dyspozycji!<\/p>\t\t\t\t\t\t\t\t<\/div>\n\t\t\t\t<\/div>\n\t\t\t\t<\/div>\n\t\t\t\t\t<\/div>\n\t\t\t\t<\/div>\n\t\t<div class=\"elementor-element elementor-element-591bd34b e-flex e-con-boxed e-con e-parent\" data-id=\"591bd34b\" data-element_type=\"container\" data-e-type=\"container\">\n\t\t\t\t\t<div class=\"e-con-inner\">\n\t\t<div class=\"elementor-element elementor-element-27b6b63f e-con-full e-flex e-con e-child\" data-id=\"27b6b63f\" data-element_type=\"container\" data-e-type=\"container\">\n\t\t<div class=\"elementor-element elementor-element-6b61310c e-flex e-con-boxed e-con e-child\" data-id=\"6b61310c\" data-element_type=\"container\" data-e-type=\"container\">\n\t\t\t\t\t<div class=\"e-con-inner\">\n\t\t\t\t<div class=\"elementor-element elementor-element-23ffc14a elementor-widget elementor-widget-heading\" data-id=\"23ffc14a\" data-element_type=\"widget\" data-e-type=\"widget\" data-widget_type=\"heading.default\">\n\t\t\t\t<div class=\"elementor-widget-container\">\n\t\t\t\t\t<h2 class=\"elementor-heading-title elementor-size-default\">Skontaktuj si\u0119 z nami, aby uzyska\u0107 wi\u0119cej informacji lub zostaw wiadomo\u015b\u0107. Odpowiemy najszybciej, jak to mo\u017cliwe!<\/h2>\t\t\t\t<\/div>\n\t\t\t\t<\/div>\n\t\t\t\t\t<\/div>\n\t\t\t\t<\/div>\n\t\t<div class=\"elementor-element elementor-element-4b784174 e-con-full e-flex e-con e-child\" data-id=\"4b784174\" data-element_type=\"container\" data-e-type=\"container\">\n\t\t<div class=\"elementor-element elementor-element-63cecc10 e-con-full e-flex e-con e-child\" data-id=\"63cecc10\" data-element_type=\"container\" data-e-type=\"container\">\n\t\t\t\t<div class=\"elementor-element elementor-element-23eb6659 elementor-widget elementor-widget-heading\" data-id=\"23eb6659\" data-element_type=\"widget\" data-e-type=\"widget\" data-widget_type=\"heading.default\">\n\t\t\t\t<div class=\"elementor-widget-container\">\n\t\t\t\t\t<h3 class=\"elementor-heading-title elementor-size-default\">Telefon<\/h3>\t\t\t\t<\/div>\n\t\t\t\t<\/div>\n\t\t\t\t<div class=\"elementor-element elementor-element-55d3ba35 elementor-widget elementor-widget-text-editor\" data-id=\"55d3ba35\" data-element_type=\"widget\" data-e-type=\"widget\" data-widget_type=\"text-editor.default\">\n\t\t\t\t<div class=\"elementor-widget-container\">\n\t\t\t\t\t\t\t\t\t<p>+48 732 002 999<\/p>\t\t\t\t\t\t\t\t<\/div>\n\t\t\t\t<\/div>\n\t\t\t\t<\/div>\n\t\t<div class=\"elementor-element elementor-element-3cc40713 e-con-full e-flex e-con e-child\" data-id=\"3cc40713\" data-element_type=\"container\" data-e-type=\"container\">\n\t\t\t\t<div class=\"elementor-element elementor-element-4459efd elementor-widget elementor-widget-heading\" data-id=\"4459efd\" data-element_type=\"widget\" data-e-type=\"widget\" data-widget_type=\"heading.default\">\n\t\t\t\t<div class=\"elementor-widget-container\">\n\t\t\t\t\t<h3 class=\"elementor-heading-title elementor-size-default\">Adres E-mail<\/h3>\t\t\t\t<\/div>\n\t\t\t\t<\/div>\n\t\t\t\t<div class=\"elementor-element elementor-element-5936e9b elementor-widget elementor-widget-text-editor\" data-id=\"5936e9b\" data-element_type=\"widget\" data-e-type=\"widget\" data-widget_type=\"text-editor.default\">\n\t\t\t\t<div class=\"elementor-widget-container\">\n\t\t\t\t\t\t\t\t\t<p class=\"p1\">biuro@vantageproperty.pl<\/p>\t\t\t\t\t\t\t\t<\/div>\n\t\t\t\t<\/div>\n\t\t\t\t<\/div>\n\t\t\t\t<\/div>\n\t\t\t\t<div class=\"elementor-element elementor-element-6dbf9ad8 elementor-widget__width-auto elementor-absolute elementor-view-default elementor-widget elementor-widget-icon\" data-id=\"6dbf9ad8\" data-element_type=\"widget\" data-e-type=\"widget\" data-settings=\"{&quot;_position&quot;:&quot;absolute&quot;}\" data-widget_type=\"icon.default\">\n\t\t\t\t<div class=\"elementor-widget-container\">\n\t\t\t\t\t\t\t<div class=\"elementor-icon-wrapper\">\n\t\t\t<div class=\"elementor-icon\">\n\t\t\t<svg xmlns=\"http:\/\/www.w3.org\/2000\/svg\" id=\"a72f1db4-4b9f-4cbc-ac4c-a54efeaf8336\" data-name=\"Layer 1\" width=\"100\" height=\"100\" viewBox=\"0 0 100 100\"><title>Shape<\/title><path id=\"aecdc5f9-a79f-465f-8b06-186d589ccd57\" data-name=\"Shape\" d=\"M0,100V0H50V50h50v50Z\" style=\"fill-rule:evenodd\"><\/path><\/svg>\t\t\t<\/div>\n\t\t<\/div>\n\t\t\t\t\t\t<\/div>\n\t\t\t\t<\/div>\n\t\t\t\t<\/div>\n\t\t\t\t\t<\/div>\n\t\t\t\t<\/div>\n\t\t<div class=\"elementor-element elementor-element-69ab023d e-flex e-con-boxed e-con e-parent\" data-id=\"69ab023d\" data-element_type=\"container\" data-e-type=\"container\">\n\t\t\t\t\t<div class=\"e-con-inner\">\n\t\t<div class=\"elementor-element elementor-element-d9b32d2 e-flex e-con-boxed e-con e-child\" data-id=\"d9b32d2\" data-element_type=\"container\" data-e-type=\"container\">\n\t\t\t\t\t<div class=\"e-con-inner\">\n\t\t<div class=\"elementor-element elementor-element-46740af e-con-full e-flex e-con e-child\" data-id=\"46740af\" data-element_type=\"container\" data-e-type=\"container\">\n\t\t\t\t<div class=\"elementor-element elementor-element-a30b2e3 elementor-widget elementor-widget-heading\" data-id=\"a30b2e3\" data-element_type=\"widget\" data-e-type=\"widget\" data-widget_type=\"heading.default\">\n\t\t\t\t<div class=\"elementor-widget-container\">\n\t\t\t\t\t<h3 class=\"elementor-heading-title elementor-size-default\">B\u0105d\u017amy w kontakcie!<\/h3>\t\t\t\t<\/div>\n\t\t\t\t<\/div>\n\t\t\t\t<div class=\"elementor-element elementor-element-35d6c642 elementor-button-align-end elementor-mobile-button-align-stretch elementor-widget elementor-widget-form\" data-id=\"35d6c642\" data-element_type=\"widget\" data-e-type=\"widget\" data-settings=\"{&quot;button_width_mobile&quot;:&quot;100&quot;,&quot;step_next_label&quot;:&quot;Next&quot;,&quot;step_previous_label&quot;:&quot;Previous&quot;,&quot;step_type&quot;:&quot;number_text&quot;,&quot;step_icon_shape&quot;:&quot;circle&quot;}\" data-widget_type=\"form.default\">\n\t\t\t\t<div class=\"elementor-widget-container\">\n\t\t\t\t\t\t\t<form class=\"elementor-form\" method=\"post\" name=\"New Form\" aria-label=\"New Form\">\n\t\t\t<input type=\"hidden\" name=\"post_id\" value=\"828\"\/>\n\t\t\t<input type=\"hidden\" name=\"form_id\" value=\"35d6c642\"\/>\n\t\t\t<input type=\"hidden\" name=\"referer_title\" value=\"Kontakt - Vantage Property\" \/>\n\n\t\t\t\t\t\t\t<input type=\"hidden\" name=\"queried_id\" value=\"828\"\/>\n\t\t\t\n\t\t\t<div class=\"elementor-form-fields-wrapper elementor-labels-\">\n\t\t\t\t\t\t\t\t<div class=\"elementor-field-type-text elementor-field-group elementor-column elementor-field-group-email elementor-col-50 elementor-field-required\">\n\t\t\t\t\t\t\t\t\t\t\t\t\t<input size=\"1\" type=\"text\" name=\"form_fields[email]\" id=\"form-field-email\" class=\"elementor-field elementor-size-sm  elementor-field-textual\" placeholder=\"Imi\u0119\" required=\"required\">\n\t\t\t\t\t\t\t\t\t\t\t<\/div>\n\t\t\t\t\t\t\t\t<div class=\"elementor-field-type-text elementor-field-group elementor-column elementor-field-group-field_a074beb elementor-col-50 elementor-field-required\">\n\t\t\t\t\t\t\t\t\t\t\t\t\t<input size=\"1\" type=\"text\" name=\"form_fields[field_a074beb]\" id=\"form-field-field_a074beb\" class=\"elementor-field elementor-size-sm  elementor-field-textual\" placeholder=\"Nazwisko\" required=\"required\">\n\t\t\t\t\t\t\t\t\t\t\t<\/div>\n\t\t\t\t\t\t\t\t<div class=\"elementor-field-type-tel elementor-field-group elementor-column elementor-field-group-field_6f7b0a2 elementor-col-50 elementor-field-required\">\n\t\t\t\t\t\t\t<input size=\"1\" type=\"tel\" name=\"form_fields[field_6f7b0a2]\" id=\"form-field-field_6f7b0a2\" class=\"elementor-field elementor-size-sm  elementor-field-textual\" placeholder=\"Nr telefonu\" required=\"required\" pattern=\"[0-9()#&amp;+*-=.]+\" title=\"Akceptowane s\u0105 jedynie cyfry i znaki telefoniczne (#,-,*).\">\n\n\t\t\t\t\t\t<\/div>\n\t\t\t\t\t\t\t\t<div class=\"elementor-field-type-email elementor-field-group elementor-column elementor-field-group-field_ded525d elementor-col-50 elementor-field-required\">\n\t\t\t\t\t\t\t\t\t\t\t\t\t<input size=\"1\" type=\"email\" name=\"form_fields[field_ded525d]\" id=\"form-field-field_ded525d\" class=\"elementor-field elementor-size-sm  elementor-field-textual\" placeholder=\"Email\" required=\"required\">\n\t\t\t\t\t\t\t\t\t\t\t<\/div>\n\t\t\t\t\t\t\t\t<div class=\"elementor-field-type-textarea elementor-field-group elementor-column elementor-field-group-field_e389c4e elementor-col-100 elementor-field-required\">\n\t\t\t\t\t<textarea class=\"elementor-field-textual elementor-field  elementor-size-sm\" name=\"form_fields[field_e389c4e]\" id=\"form-field-field_e389c4e\" rows=\"5\" placeholder=\"Wiadomo\u015b\u0107\" required=\"required\"><\/textarea>\t\t\t\t<\/div>\n\t\t\t\t\t\t\t\t<div class=\"elementor-field-group elementor-column elementor-field-type-submit elementor-col-100 e-form__buttons elementor-sm-100\">\n\t\t\t\t\t<button class=\"elementor-button elementor-size-sm\" type=\"submit\">\n\t\t\t\t\t\t<span class=\"elementor-button-content-wrapper\">\n\t\t\t\t\t\t\t\t\t\t\t\t\t\t\t\t\t\t\t\t\t\t<span class=\"elementor-button-text\">Wy\u015blij<\/span>\n\t\t\t\t\t\t\t\t\t\t\t\t\t<\/span>\n\t\t\t\t\t<\/button>\n\t\t\t\t<\/div>\n\t\t\t<\/div>\n\t\t<\/form>\n\t\t\t\t\t\t<\/div>\n\t\t\t\t<\/div>\n\t\t\t\t<\/div>\n\t\t<div class=\"elementor-element elementor-element-345adc9 e-con-full e-flex e-con e-child\" data-id=\"345adc9\" data-element_type=\"container\" data-e-type=\"container\">\n\t\t\t\t<div class=\"elementor-element elementor-element-2036b710 elementor-widget elementor-widget-google_maps\" data-id=\"2036b710\" data-element_type=\"widget\" data-e-type=\"widget\" data-widget_type=\"google_maps.default\">\n\t\t\t\t<div class=\"elementor-widget-container\">\n\t\t\t\t\t\t\t<div class=\"elementor-custom-embed\">\n\t\t\t<iframe loading=\"lazy\"\n\t\t\t\t\tsrc=\"https:\/\/maps.google.com\/maps?q=Krak%C3%B3w%2C%20polska&#038;t=m&#038;z=10&#038;output=embed&#038;iwloc=near\"\n\t\t\t\t\ttitle=\"Krak\u00f3w, polska\"\n\t\t\t\t\taria-label=\"Krak\u00f3w, polska\"\n\t\t\t><\/iframe>\n\t\t<\/div>\n\t\t\t\t\t\t<\/div>\n\t\t\t\t<\/div>\n\t\t\t\t<div class=\"elementor-element elementor-element-49759c95 elementor-widget__width-auto elementor-view-default elementor-widget elementor-widget-icon\" data-id=\"49759c95\" data-element_type=\"widget\" data-e-type=\"widget\" data-widget_type=\"icon.default\">\n\t\t\t\t<div class=\"elementor-widget-container\">\n\t\t\t\t\t\t\t<div class=\"elementor-icon-wrapper\">\n\t\t\t<div class=\"elementor-icon\">\n\t\t\t<svg aria-hidden=\"true\" class=\"e-font-icon-svg e-fas-square-full\" viewBox=\"0 0 512 512\" xmlns=\"http:\/\/www.w3.org\/2000\/svg\"><path d=\"M512 512H0V0h512v512z\"><\/path><\/svg>\t\t\t<\/div>\n\t\t<\/div>\n\t\t\t\t\t\t<\/div>\n\t\t\t\t<\/div>\n\t\t\t\t<\/div>\n\t\t\t\t\t<\/div>\n\t\t\t\t<\/div>\n\t\t\t\t\t<\/div>\n\t\t\t\t<\/div>\n\t\t\t\t<\/div>\n\t\t","protected":false},"excerpt":{"rendered":"<p>W czym mo\u017cemy Ci dzisiaj pom\u00f3c? Skontaktuj si\u0119 z nami, aby dowiedzie\u0107 si\u0119 wi\u0119cej Masz pytania dotycz\u0105ce nieruchomo\u015bci? Ch\u0119tnie pomo\u017cemy w: \u2714 Sprzeda\u017cy \u2013 Pomo\u017cemy Ci sprzeda\u0107 Twoj\u0105 nieruchomo\u015b\u0107.\u2714 Zakupie \u2013 znajdziemy dla Ciebie idealn\u0105 nieruchomo\u015b\u0107.\u2714 Wynajmie \u2013 dopasujemy ofert\u0119 do Twoich potrzeb.\u2714 Doradztwie \u2013 podpowiemy najlepsze rozwi\u0105zania. Napisz lub zadzwo\u0144 \u2013 jeste\u015bmy do Twojej [&hellip;]<\/p>\n","protected":false},"author":1,"featured_media":831,"parent":0,"menu_order":0,"comment_status":"closed","ping_status":"closed","template":"elementor_header_footer","meta":{"_acf_changed":false,"footnotes":""},"class_list":["post-828","page","type-page","status-publish","has-post-thumbnail","hentry"],"acf":[],"yoast_head":"<!-- This site is optimized with the Yoast SEO plugin v26.8 - https:\/\/yoast.com\/product\/yoast-seo-wordpress\/ -->\n<title>Kontakt - Vantage Property<\/title>\n<meta name=\"robots\" content=\"index, follow, max-snippet:-1, max-image-preview:large, max-video-preview:-1\" \/>\n<link rel=\"canonical\" href=\"https:\/\/www.vantageproperty.pl\/index.php\/kontakt\/\" \/>\n<meta property=\"og:locale\" content=\"pl_PL\" \/>\n<meta property=\"og:type\" content=\"article\" \/>\n<meta property=\"og:title\" content=\"Kontakt - Vantage Property\" \/>\n<meta property=\"og:description\" content=\"W czym mo\u017cemy Ci dzisiaj pom\u00f3c? Skontaktuj si\u0119 z nami, aby dowiedzie\u0107 si\u0119 wi\u0119cej Masz pytania dotycz\u0105ce nieruchomo\u015bci? Ch\u0119tnie pomo\u017cemy w: \u2714 Sprzeda\u017cy \u2013 Pomo\u017cemy Ci sprzeda\u0107 Twoj\u0105 nieruchomo\u015b\u0107.\u2714 Zakupie \u2013 znajdziemy dla Ciebie idealn\u0105 nieruchomo\u015b\u0107.\u2714 Wynajmie \u2013 dopasujemy ofert\u0119 do Twoich potrzeb.\u2714 Doradztwie \u2013 podpowiemy najlepsze rozwi\u0105zania. Napisz lub zadzwo\u0144 \u2013 jeste\u015bmy do Twojej [&hellip;]\" \/>\n<meta property=\"og:url\" content=\"https:\/\/www.vantageproperty.pl\/index.php\/kontakt\/\" \/>\n<meta property=\"og:site_name\" content=\"Vantage Property\" \/>\n<meta property=\"article:publisher\" content=\"https:\/\/www.facebook.com\/people\/Vantage-Property\/61574156190709\/\" \/>\n<meta property=\"article:modified_time\" content=\"2025-06-04T20:12:30+00:00\" \/>\n<meta property=\"og:image\" content=\"https:\/\/www.vantageproperty.pl\/wp-content\/uploads\/2025\/03\/Contact-Us.jpg\" \/>\n\t<meta property=\"og:image:width\" content=\"400\" \/>\n\t<meta property=\"og:image:height\" content=\"380\" \/>\n\t<meta property=\"og:image:type\" content=\"image\/jpeg\" \/>\n<meta name=\"twitter:card\" content=\"summary_large_image\" \/>\n<script type=\"application\/ld+json\" class=\"yoast-schema-graph\">{\"@context\":\"https:\/\/schema.org\",\"@graph\":[{\"@type\":\"WebPage\",\"@id\":\"https:\/\/www.vantageproperty.pl\/index.php\/kontakt\/\",\"url\":\"https:\/\/www.vantageproperty.pl\/index.php\/kontakt\/\",\"name\":\"Kontakt - Vantage Property\",\"isPartOf\":{\"@id\":\"https:\/\/www.vantageproperty.pl\/#website\"},\"primaryImageOfPage\":{\"@id\":\"https:\/\/www.vantageproperty.pl\/index.php\/kontakt\/#primaryimage\"},\"image\":{\"@id\":\"https:\/\/www.vantageproperty.pl\/index.php\/kontakt\/#primaryimage\"},\"thumbnailUrl\":\"https:\/\/www.vantageproperty.pl\/wp-content\/uploads\/2025\/03\/Contact-Us.jpg\",\"datePublished\":\"2025-03-23T22:22:16+00:00\",\"dateModified\":\"2025-06-04T20:12:30+00:00\",\"breadcrumb\":{\"@id\":\"https:\/\/www.vantageproperty.pl\/index.php\/kontakt\/#breadcrumb\"},\"inLanguage\":\"pl-PL\",\"potentialAction\":[{\"@type\":\"ReadAction\",\"target\":[\"https:\/\/www.vantageproperty.pl\/index.php\/kontakt\/\"]}]},{\"@type\":\"ImageObject\",\"inLanguage\":\"pl-PL\",\"@id\":\"https:\/\/www.vantageproperty.pl\/index.php\/kontakt\/#primaryimage\",\"url\":\"https:\/\/www.vantageproperty.pl\/wp-content\/uploads\/2025\/03\/Contact-Us.jpg\",\"contentUrl\":\"https:\/\/www.vantageproperty.pl\/wp-content\/uploads\/2025\/03\/Contact-Us.jpg\",\"width\":400,\"height\":380},{\"@type\":\"BreadcrumbList\",\"@id\":\"https:\/\/www.vantageproperty.pl\/index.php\/kontakt\/#breadcrumb\",\"itemListElement\":[{\"@type\":\"ListItem\",\"position\":1,\"name\":\"Strona g\u0142\u00f3wna\",\"item\":\"https:\/\/www.vantageproperty.pl\/\"},{\"@type\":\"ListItem\",\"position\":2,\"name\":\"Kontakt\"}]},{\"@type\":\"WebSite\",\"@id\":\"https:\/\/www.vantageproperty.pl\/#website\",\"url\":\"https:\/\/www.vantageproperty.pl\/\",\"name\":\"Vantage Property\",\"description\":\"Zyskaj przewag\u0119 na rynku nieruchomo\u015bci\",\"publisher\":{\"@id\":\"https:\/\/www.vantageproperty.pl\/#organization\"},\"potentialAction\":[{\"@type\":\"SearchAction\",\"target\":{\"@type\":\"EntryPoint\",\"urlTemplate\":\"https:\/\/www.vantageproperty.pl\/?s={search_term_string}\"},\"query-input\":{\"@type\":\"PropertyValueSpecification\",\"valueRequired\":true,\"valueName\":\"search_term_string\"}}],\"inLanguage\":\"pl-PL\"},{\"@type\":\"Organization\",\"@id\":\"https:\/\/www.vantageproperty.pl\/#organization\",\"name\":\"Vantage Property\",\"url\":\"https:\/\/www.vantageproperty.pl\/\",\"logo\":{\"@type\":\"ImageObject\",\"inLanguage\":\"pl-PL\",\"@id\":\"https:\/\/www.vantageproperty.pl\/#\/schema\/logo\/image\/\",\"url\":\"https:\/\/www.vantageproperty.pl\/wp-content\/uploads\/2025\/03\/LOGO-VANTAGE-1.jpg\",\"contentUrl\":\"https:\/\/www.vantageproperty.pl\/wp-content\/uploads\/2025\/03\/LOGO-VANTAGE-1.jpg\",\"width\":1900,\"height\":528,\"caption\":\"Vantage Property\"},\"image\":{\"@id\":\"https:\/\/www.vantageproperty.pl\/#\/schema\/logo\/image\/\"},\"sameAs\":[\"https:\/\/www.facebook.com\/people\/Vantage-Property\/61574156190709\/\",\"https:\/\/www.instagram.com\/vantageproperty.pl\/\",\"https:\/\/www.youtube.com\/@VantagePropertyPL\"]}]}<\/script>\n<!-- \/ Yoast SEO plugin. -->","yoast_head_json":{"title":"Kontakt - Vantage Property","robots":{"index":"index","follow":"follow","max-snippet":"max-snippet:-1","max-image-preview":"max-image-preview:large","max-video-preview":"max-video-preview:-1"},"canonical":"https:\/\/www.vantageproperty.pl\/index.php\/kontakt\/","og_locale":"pl_PL","og_type":"article","og_title":"Kontakt - Vantage Property","og_description":"W czym mo\u017cemy Ci dzisiaj pom\u00f3c? Skontaktuj si\u0119 z nami, aby dowiedzie\u0107 si\u0119 wi\u0119cej Masz pytania dotycz\u0105ce nieruchomo\u015bci? Ch\u0119tnie pomo\u017cemy w: \u2714 Sprzeda\u017cy \u2013 Pomo\u017cemy Ci sprzeda\u0107 Twoj\u0105 nieruchomo\u015b\u0107.\u2714 Zakupie \u2013 znajdziemy dla Ciebie idealn\u0105 nieruchomo\u015b\u0107.\u2714 Wynajmie \u2013 dopasujemy ofert\u0119 do Twoich potrzeb.\u2714 Doradztwie \u2013 podpowiemy najlepsze rozwi\u0105zania. Napisz lub zadzwo\u0144 \u2013 jeste\u015bmy do Twojej [&hellip;]","og_url":"https:\/\/www.vantageproperty.pl\/index.php\/kontakt\/","og_site_name":"Vantage Property","article_publisher":"https:\/\/www.facebook.com\/people\/Vantage-Property\/61574156190709\/","article_modified_time":"2025-06-04T20:12:30+00:00","og_image":[{"width":400,"height":380,"url":"https:\/\/www.vantageproperty.pl\/wp-content\/uploads\/2025\/03\/Contact-Us.jpg","type":"image\/jpeg"}],"twitter_card":"summary_large_image","schema":{"@context":"https:\/\/schema.org","@graph":[{"@type":"WebPage","@id":"https:\/\/www.vantageproperty.pl\/index.php\/kontakt\/","url":"https:\/\/www.vantageproperty.pl\/index.php\/kontakt\/","name":"Kontakt - Vantage Property","isPartOf":{"@id":"https:\/\/www.vantageproperty.pl\/#website"},"primaryImageOfPage":{"@id":"https:\/\/www.vantageproperty.pl\/index.php\/kontakt\/#primaryimage"},"image":{"@id":"https:\/\/www.vantageproperty.pl\/index.php\/kontakt\/#primaryimage"},"thumbnailUrl":"https:\/\/www.vantageproperty.pl\/wp-content\/uploads\/2025\/03\/Contact-Us.jpg","datePublished":"2025-03-23T22:22:16+00:00","dateModified":"2025-06-04T20:12:30+00:00","breadcrumb":{"@id":"https:\/\/www.vantageproperty.pl\/index.php\/kontakt\/#breadcrumb"},"inLanguage":"pl-PL","potentialAction":[{"@type":"ReadAction","target":["https:\/\/www.vantageproperty.pl\/index.php\/kontakt\/"]}]},{"@type":"ImageObject","inLanguage":"pl-PL","@id":"https:\/\/www.vantageproperty.pl\/index.php\/kontakt\/#primaryimage","url":"https:\/\/www.vantageproperty.pl\/wp-content\/uploads\/2025\/03\/Contact-Us.jpg","contentUrl":"https:\/\/www.vantageproperty.pl\/wp-content\/uploads\/2025\/03\/Contact-Us.jpg","width":400,"height":380},{"@type":"BreadcrumbList","@id":"https:\/\/www.vantageproperty.pl\/index.php\/kontakt\/#breadcrumb","itemListElement":[{"@type":"ListItem","position":1,"name":"Strona g\u0142\u00f3wna","item":"https:\/\/www.vantageproperty.pl\/"},{"@type":"ListItem","position":2,"name":"Kontakt"}]},{"@type":"WebSite","@id":"https:\/\/www.vantageproperty.pl\/#website","url":"https:\/\/www.vantageproperty.pl\/","name":"Vantage Property","description":"Zyskaj przewag\u0119 na rynku nieruchomo\u015bci","publisher":{"@id":"https:\/\/www.vantageproperty.pl\/#organization"},"potentialAction":[{"@type":"SearchAction","target":{"@type":"EntryPoint","urlTemplate":"https:\/\/www.vantageproperty.pl\/?s={search_term_string}"},"query-input":{"@type":"PropertyValueSpecification","valueRequired":true,"valueName":"search_term_string"}}],"inLanguage":"pl-PL"},{"@type":"Organization","@id":"https:\/\/www.vantageproperty.pl\/#organization","name":"Vantage Property","url":"https:\/\/www.vantageproperty.pl\/","logo":{"@type":"ImageObject","inLanguage":"pl-PL","@id":"https:\/\/www.vantageproperty.pl\/#\/schema\/logo\/image\/","url":"https:\/\/www.vantageproperty.pl\/wp-content\/uploads\/2025\/03\/LOGO-VANTAGE-1.jpg","contentUrl":"https:\/\/www.vantageproperty.pl\/wp-content\/uploads\/2025\/03\/LOGO-VANTAGE-1.jpg","width":1900,"height":528,"caption":"Vantage Property"},"image":{"@id":"https:\/\/www.vantageproperty.pl\/#\/schema\/logo\/image\/"},"sameAs":["https:\/\/www.facebook.com\/people\/Vantage-Property\/61574156190709\/","https:\/\/www.instagram.com\/vantageproperty.pl\/","https:\/\/www.youtube.com\/@VantagePropertyPL"]}]}},"_links":{"self":[{"href":"https:\/\/www.vantageproperty.pl\/index.php\/wp-json\/wp\/v2\/pages\/828","targetHints":{"allow":["GET"]}}],"collection":[{"href":"https:\/\/www.vantageproperty.pl\/index.php\/wp-json\/wp\/v2\/pages"}],"about":[{"href":"https:\/\/www.vantageproperty.pl\/index.php\/wp-json\/wp\/v2\/types\/page"}],"author":[{"embeddable":true,"href":"https:\/\/www.vantageproperty.pl\/index.php\/wp-json\/wp\/v2\/users\/1"}],"replies":[{"embeddable":true,"href":"https:\/\/www.vantageproperty.pl\/index.php\/wp-json\/wp\/v2\/comments?post=828"}],"version-history":[{"count":23,"href":"https:\/\/www.vantageproperty.pl\/index.php\/wp-json\/wp\/v2\/pages\/828\/revisions"}],"predecessor-version":[{"id":2097,"href":"https:\/\/www.vantageproperty.pl\/index.php\/wp-json\/wp\/v2\/pages\/828\/revisions\/2097"}],"wp:featuredmedia":[{"embeddable":true,"href":"https:\/\/www.vantageproperty.pl\/index.php\/wp-json\/wp\/v2\/media\/831"}],"wp:attachment":[{"href":"https:\/\/www.vantageproperty.pl\/index.php\/wp-json\/wp\/v2\/media?parent=828"}],"curies":[{"name":"wp","href":"https:\/\/api.w.org\/{rel}","templated":true}]}}